{"id":3408,"date":"2022-09-05T12:46:03","date_gmt":"2022-09-05T10:46:03","guid":{"rendered":"https:\/\/digitmed.pl\/?page_id=3408"},"modified":"2024-01-17T04:20:16","modified_gmt":"2024-01-17T03:20:16","slug":"fundusze-europejskie","status":"publish","type":"page","link":"https:\/\/digitmed.pl\/index.php\/fundusze-europejskie\/","title":{"rendered":"Fundusze Europejskie"},"content":{"rendered":"<div class=\"brz-root__container brz-reset-all\">\n<section id=\"tiqrpoocoifckwbxexrtyszscjutzpiacdxa\" class=\"brz-section brz-css-oZwzl\">\n<div class=\"brz-section__content brz-section--boxed brz-css-euJGU brz-css-l_Ozp\" data-brz-custom-id=\"uihlhznrfvwjxinbfsskgltcmbxypyqpykcd\">\n<div class=\"brz-bg\">\n<div class=\"brz-bg-image\"><\/div>\n<div class=\"brz-bg-color\"><\/div>\n<\/div>\n<div class=\"brz-container brz-css-zKRHg\">\n<div id class=\"brz-css-hQbeq brz-wrapper\">\n<div class=\"brz-image brz-css-m4poo brz-css-cEMCX\" data-brz-custom-id=\"zkbnssbinexdbjaobmssoihiqxxwyyjurble\"><img decoding=\"async\" class=\"brz-img\" src=\"https:\/\/digitmed.pl\/wp-content\/uploads\/brizy\/imgs\/logos-585x98x0x0x585x98x1662374952.png\" alt=\"\" loading=\"lazy\"><\/div>\n<\/div>\n<div id class=\"brz-css-hQbeq brz-css-czXt4 brz-wrapper\">\n<div class=\"brz-spacer brz-css-u4_4F brz-css-hsfW0\"><\/div>\n<\/div>\n<div class=\"brz-row__container brz-css-eCN7k\" data-brz-custom-id=\"tqiwkuinsznvhqrwhrqdfltqoqsjkxqihrhr\">\n<div class=\"brz-bg\"><\/div>\n<div class=\"brz-row brz-css-uVlc3 brz-css-iOfI3\">\n<div class=\"brz-columns brz-css-r6Tdu brz-css-wBGkv\" data-brz-custom-id=\"faoynawntpkidgayizkozcuxgowoqhwojjsf\">\n<div class=\"brz-bg\">\n<div class=\"brz-bg-color\"><\/div>\n<\/div>\n<div class=\"brz-column__items brz-css-jVBIA brz-css-gkWPv\">\n<div id class=\"brz-css-hQbeq brz-wrapper\">\n<div class=\"brz-rich-text brz-rich-text__custom brz-css-pwxj_\" data-brz-custom-id=\"bharaejqwlcsmyjtndboioffjxdpsjdqxyvt\">\n<div data-brz-translate-text=\"1\">\n<h4 data-generated-css=\"brz-css-gczfx\" data-uniq-id=\"swurs\" class=\"brz-tp-lg-empty brz-ff-montserrat brz-ft-google brz-fs-lg-30 brz-fss-lg-px brz-fw-lg-700 brz-ls-lg-0 brz-lh-lg-1_4 brz-css-cH6BY\"><span class=\"brz-cp-color8\">Projekt zintegrowanego systemu cyfryzacji, katalogowania i dokumentacji dziedzictwa kulturowego (obraz\u00f3w oraz artefakt\u00f3w 2D) \u2013 CULDIGI<\/span><\/h4>\n<\/div>\n<\/div>\n<\/div>\n<div id class=\"brz-css-hQbeq brz-wrapper\">\n<div class=\"brz-rich-text brz-rich-text__custom brz-css-pwxj_\" data-brz-custom-id=\"mwvyqeytmncdhwosnuotyugumaesomiqxaqi\">\n<div data-brz-translate-text=\"1\">\n<p class=\"ql-align-justify brz-tp-lg-paragraph brz-css-kGOHO\" data-generated-css=\"brz-css-ccfsa\" data-uniq-id=\"ffcbx\"><strong class=\"brz-cp-color8\">Okres realizacji projektu:&nbsp;<\/strong><span class=\"brz-cp-color8\">1.01.2021 \u2013 30.06.2023<\/span><\/p>\n<p class=\"ql-align-justify brz-tp-lg-empty brz-ff-montserrat brz-ft-google brz-fs-lg-16 brz-fss-lg-px brz-fw-lg-400 brz-ls-lg-0 brz-lh-lg-2 brz-css-z8_6u\" data-generated-css=\"brz-css-apwvc\" data-uniq-id=\"hofuk\"><strong class=\"brz-cp-color8\">Streszczenie<\/strong><span class=\"brz-cp-color8\">: Celem proponowanego projektu jest opracowanie ca\u0142op\u0142aszczyznowego skanera umo\u017cliwiaj\u0105cego obrazowanie w \u015bwietle widzialnym i podczerwieni du\u017cych obiekt\u00f3w zabytkowych takich jak obrazy panelowe i sztalugowe, rysunki i dokumenty, z mikroskopow\u0105 rozdzielczo\u015bci\u0105. Dzi\u0119ki nowatorskiemu sposobowi dzia\u0142ania polegaj\u0105cemu na optymalizacji pracy uk\u0142adu optycznego wykonuj\u0105cego zdj\u0119cia z platform\u0105 skanuj\u0105c\u0105 w czasie rzeczywistym urz\u0105dzenie b\u0119dzie dokumentowa\u0107 obiekty kilkadziesi\u0105t razy szybciej ni\u017c konkurencyjne rozwi\u0105zania. Takie zwi\u0119kszenie pr\u0119dko\u015bci skanowania umo\u017cliwi masow\u0105 cyfryzacj\u0119 zbior\u00f3w muzealnych z ogromn\u0105 rozdzielczo\u015bci\u0105 umo\u017cliwiaj\u0105c\u0105 analiz\u0119 ich obrazu z nieosi\u0105galn\u0105 dotychczas dok\u0142adno\u015bci\u0105 daj\u0105c\u0105 jednocze\u015bnie dost\u0119p do wielkoskalowych powierzchni obiekt\u00f3w. To z kolei otworzy konserwatorom, historykom sztuki oraz badaczom dziedzictwa kultury nowe, niedost\u0119pne do tej pory mo\u017cliwo\u015bci badania obiekt\u00f3w zar\u00f3wno pod k\u0105tem technologii wykonania, jak i artystyczno-wizualnym. Aby w pe\u0142ni wykorzysta\u0107 te mo\u017cliwo\u015bci, zostanie r\u00f3wnie\u017c stworzone oprogramowanie zar\u00f3wno wspomagaj\u0105ce \u0142atw\u0105 publikacj\u0119 gromadzonych danych, jak i umo\u017cliwiaj\u0105ce ich \u0142atwe por\u00f3wnywanie z wynikami uzyskanymi przy u\u017cyciu innych technik cz\u0119sto stosowanych do badania obiekt\u00f3w zabytkowych (np. mikro-XRF).<\/span><\/p>\n<p class=\"ql-align-justify brz-tp-lg-paragraph brz-css-uTt3p\" data-generated-css=\"brz-css-nmrfw\" data-uniq-id=\"vaeae\"><strong class=\"brz-cp-color8\">Wnioskodawcy<\/strong><span class=\"brz-cp-color8\">: Instytut Katalizy i Fizykochemii Powierzchni im. Jerzego Habera Polskiej Akademii Nauk, Digitmed SA<\/span><\/p>\n<p class=\"brz-tp-lg-paragraph brz-css-m3BkN\" data-generated-css=\"brz-css-chzzi\" data-uniq-id=\"eiysn\"><strong class=\"brz-cp-color8\">Warto\u015b\u0107 projektu<\/strong><span class=\"brz-cp-color8\">: 1 962 750,00 z\u0142<\/span><\/p>\n<p class=\"brz-tp-lg-paragraph brz-css-jgbVP\" data-generated-css=\"brz-css-plhgh\" data-uniq-id=\"fecmq\"><strong class=\"brz-cp-color8\">Wk\u0142ad Funduszy Europejskich<\/strong><span class=\"brz-cp-color8\">: 1 344 000,00 z\u0142<\/span><\/p>\n<p class=\"brz-tp-lg-paragraph brz-css-l_cA4\" data-generated-css=\"brz-css-lulno\" data-uniq-id=\"kszvq\"><\/p>\n<\/div>\n<\/div>\n<\/div>\n<\/div>\n<\/div>\n<div class=\"brz-columns brz-css-r6Tdu brz-css-r0mfn\" data-brz-custom-id=\"lomgsbsqqaiqsiycxfzuxgoqffloaxjuekck\">\n<div class=\"brz-bg\">\n<div class=\"brz-bg-color\"><\/div>\n<\/div>\n<div class=\"brz-column__items brz-css-jVBIA\">\n<div id class=\"brz-css-hQbeq brz-wrapper\">\n<div class=\"brz-rich-text brz-rich-text__custom brz-css-pwxj_\" data-brz-custom-id=\"gedxixogvwvvpswuwneiplonjlbkddnrylcj\">\n<div data-brz-translate-text=\"1\">\n<h4 class=\"brz-lh-lg-1_4 brz-ls-lg-0 brz-fw-lg-700 brz-fss-lg-px brz-fs-lg-30 brz-ft-google brz-ff-montserrat brz-tp-lg-empty brz-css-xlYOr\" data-generated-css=\"brz-css-zwfzp\" data-uniq-id=\"iwvsr\"><span class=\"brz-cp-color6\">Opracowanie i wdro\u017cenie urz\u0105dzenia wraz z oprogramowaniem do archiwizacji cyfrowej i przesy\u0142u danych oraz wspomagania diagnozy preparat\u00f3w cytologii szyjki macicy w ramach Programu Operacyjnego Inteligentny Rozw\u00f3j 2014-2020, I o\u015b priorytetowa: Wsparcie prowadzenia prac B+R przez przedsi\u0119biorstwa, Dzia\u0142anie 1.2: Sektorowe programy B+R<\/span><\/h4>\n<\/div>\n<\/div>\n<\/div>\n<div id class=\"brz-css-hQbeq brz-css-hss5n brz-wrapper\">\n<div class=\"brz-rich-text brz-rich-text__custom brz-css-pwxj_\" data-brz-custom-id=\"zwbkppznhabxekbyvwvtsyxgqbsguohahlhh\">\n<div data-brz-translate-text=\"1\">\n<p class=\"brz-tp-lg-paragraph ql-align-justify brz-css-c7EXu\" data-uniq-id=\"beafk\" data-generated-css=\"brz-css-dudsw\"><strong class=\"brz-cp-color8\">Okres realizacji projektu:<\/strong><span class=\"brz-cp-color8\"> 07.2016 \u2013 05.2019<\/span><\/p>\n<p class=\"brz-lh-lg-2 brz-ls-lg-0 brz-fw-lg-400 brz-fss-lg-px brz-fs-lg-16 brz-ft-google brz-ff-montserrat brz-tp-lg-empty ql-align-justify brz-css-vlIA9\" data-uniq-id=\"zxjhb\" data-generated-css=\"brz-css-znfan\"><strong class=\"brz-cp-color8\">Streszczenie<\/strong><span class=\"brz-cp-color8\">: Celem naszego projektu by\u0142a ocena kliniczna i ekonomiczna zastosowania prototypu nowego urz\u0105dzenia do skanowania, obs\u0142ugi telemedycznej i archiwizowania pr\u00f3bek cytologicznych w badaniach przesiewowych w kierunku raka szyjki macicy. Projekt mia\u0142 na celu modyfikacj\u0119 aktualnego modelu przeprowadzania bada\u0144 przesiewowych w kierunku raka szyjki macicy przez zastosowanie prototypu nowego urz\u0105dzenia do skanowania, obs\u0142ugi telemedycznej i archiwizowania pr\u00f3bek cytologicznych. Zadaniem nowego urz\u0105dzenia jest przekszta\u0142cenie stosowanych obecnie mikroskop\u00f3w optycznych do w pe\u0142ni niezale\u017cnych system\u00f3w skanowania pr\u00f3bek cytologicznych poprzez dodanie przystawki funkcjonalnej zapewniaj\u0105cej precyzyjne kontrolowanie po\u0142o\u017cenia pr\u00f3bek podczas ich skanowania. Pr\u00f3bki mog\u0105 pochodzi\u0107 zar\u00f3wno z klasycznych bada\u0144 cytologicznych, jak i z cytologii w fazie p\u0142ynnej. Ponadto zosta\u0142o wytworzone oprogramowanie wspomagaj\u0105ce zdaln\u0105 analiz\u0119 pr\u00f3bki przez patomorfologa (skuteczno\u015b\u0107 i op\u0142acalno\u015b\u0107 oprogramowania zostanie przebadana w zaplanowanym badaniu klinicznym) oraz centralna baza danych archiwizuj\u0105ca przeskanowane pr\u00f3bki w postaci cyfrowej. Obecnie ani na polskim, ani na europejskim rynku nie ma podobnego systemu wspieraj\u0105cego archiwizacj\u0119 i udost\u0119pniaj\u0105cego wyniki w tak du\u017cych ilo\u015bciach.<\/span><\/p>\n<p class=\"brz-tp-lg-paragraph brz-css-gXith\" data-uniq-id=\"axumw\" data-generated-css=\"brz-css-dzaon\"><strong class=\"brz-cp-color8\">Warto\u015b\u0107 projektu<\/strong><span class=\"brz-cp-color8\">: 2 585 304,07 z\u0142<\/span><\/p>\n<p class=\"brz-tp-lg-paragraph brz-css-fxjTq\" data-uniq-id=\"xqdvj\" data-generated-css=\"brz-css-gaeoa\"><strong class=\"brz-cp-color8\">Wk\u0142ad Funduszy Europejskich<\/strong><span class=\"brz-cp-color8\">: 1 534 871,06 z\u0142<\/span><\/p>\n<\/div>\n<\/div>\n<\/div>\n<\/div>\n<\/div>\n<\/div>\n<\/div>\n<\/div>\n<\/div>\n<\/section>\n<\/div>\n<p>    <!-- version:1705461616 --><\/p>\n","protected":false},"excerpt":{"rendered":"<p>Projekt zintegrowanego systemu cyfryzacji, katalogowania i dokumentacji dziedzictwa kulturowego (obraz\u00f3w oraz artefakt\u00f3w 2D) \u2013 CULDIGI Okres realizacji projektu:&nbsp;1.01.2021 \u2013 30.06.2023 Streszczenie: Celem proponowanego projektu jest opracowanie ca\u0142op\u0142aszczyznowego skanera umo\u017cliwiaj\u0105cego obrazowanie w \u015bwietle widzialnym i podczerwieni du\u017cych obiekt\u00f3w zabytkowych takich jak obrazy panelowe i sztalugowe, rysunki i dokumenty, z mikroskopow\u0105 rozdzielczo\u015bci\u0105. Dzi\u0119ki nowatorskiemu sposobowi dzia\u0142ania polegaj\u0105cemu [&hellip;]<\/p>\n","protected":false},"author":2,"featured_media":0,"parent":0,"menu_order":0,"comment_status":"closed","ping_status":"closed","template":"","meta":{"footnotes":""},"class_list":["post-3408","page","type-page","status-publish","hentry"],"blocksy_meta":{"styles_descriptor":{"styles":{"desktop":"","tablet":"","mobile":""},"google_fonts":[],"version":6}},"_links":{"self":[{"href":"https:\/\/digitmed.pl\/index.php\/wp-json\/wp\/v2\/pages\/3408","targetHints":{"allow":["GET"]}}],"collection":[{"href":"https:\/\/digitmed.pl\/index.php\/wp-json\/wp\/v2\/pages"}],"about":[{"href":"https:\/\/digitmed.pl\/index.php\/wp-json\/wp\/v2\/types\/page"}],"author":[{"embeddable":true,"href":"https:\/\/digitmed.pl\/index.php\/wp-json\/wp\/v2\/users\/2"}],"replies":[{"embeddable":true,"href":"https:\/\/digitmed.pl\/index.php\/wp-json\/wp\/v2\/comments?post=3408"}],"version-history":[{"count":8,"href":"https:\/\/digitmed.pl\/index.php\/wp-json\/wp\/v2\/pages\/3408\/revisions"}],"predecessor-version":[{"id":3944,"href":"https:\/\/digitmed.pl\/index.php\/wp-json\/wp\/v2\/pages\/3408\/revisions\/3944"}],"wp:attachment":[{"href":"https:\/\/digitmed.pl\/index.php\/wp-json\/wp\/v2\/media?parent=3408"}],"curies":[{"name":"wp","href":"https:\/\/api.w.org\/{rel}","templated":true}]}}